{"id":15,"date":"2019-07-03T11:38:05","date_gmt":"2019-07-03T11:38:05","guid":{"rendered":"https:\/\/kulturchreis-sodhubel.ch\/?page_id=15"},"modified":"2019-07-03T11:38:50","modified_gmt":"2019-07-03T11:38:50","slug":"kulturkommission-safenwil","status":"publish","type":"page","link":"https:\/\/kulturchreis-sodhubel.ch\/","title":{"rendered":"Kulturkommission Safenwil"},"content":{"rendered":"\n<figure class=\"wp-block-image\"><img loading=\"lazy\" decoding=\"async\" width=\"1024\" height=\"768\" src=\"https:\/\/kulturchreis-sodhubel.ch\/wp-content\/uploads\/2019\/07\/Sodhubel-1024x768.jpg\" alt=\"\" class=\"wp-image-10\" srcset=\"https:\/\/kulturchreis-sodhubel.ch\/wp-content\/uploads\/2019\/07\/Sodhubel-1024x768.jpg 1024w, https:\/\/kulturchreis-sodhubel.ch\/wp-content\/uploads\/2019\/07\/Sodhubel-300x225.jpg 300w, https:\/\/kulturchreis-sodhubel.ch\/wp-content\/uploads\/2019\/07\/Sodhubel-768x576.jpg 768w\" sizes=\"auto, (max-width: 1024px) 100vw, 1024px\" \/><\/figure>\n\n\n\n<p>Am 9. Mai 1968 wurde die kulturelle Vereinigung gegr\u00fcndet<\/p>\n\n\n\n<p>Mai 1992: Er\u00f6ffnung eines Dorfmuseums im alten Schulhaus.<br>1994: Umbenennung der Kommission in Kulturchreis Sodhubel.<\/p>\n\n\n\n<p>Der Kulturchreis ist eine gemeinder\u00e4tliche Kommission mit dem Ziel: <\/p>\n\n\n\n<ol class=\"wp-block-list\"><li>Einem Publikum; m\u00f6glichst aller Altersgruppen; ein breitgef\u00e4chertes und bereicherndes Programm zu bieten.<\/li><li>Das Dorfmuseum f\u00fcr die \u00d6ffentlichkeit zu gestalten und zu pflegen.<\/li><li>Mit den Striegel-Nachrichten die Einwohner und Heimweh-Safenwiler zu informieren.<\/li><\/ol>\n","protected":false},"excerpt":{"rendered":"<p>Am 9. Mai 1968 wurde die kulturelle Vereinigung gegr\u00fcndet Mai 1992: Er\u00f6ffnung eines Dorfmuseums im alten Schulhaus.1994: Umbenennung der Kommission in Kulturchreis Sodhubel. Der Kulturchreis ist eine gemeinder\u00e4tliche Kommission mit dem Ziel: Einem Publikum; m\u00f6glichst aller Altersgruppen; ein breitgef\u00e4chertes und bereicherndes Programm zu bieten. Das Dorfmuseum f\u00fcr die \u00d6ffentlichkeit zu gestalten und zu pflegen. Mit &hellip; <a href=\"https:\/\/kulturchreis-sodhubel.ch\/\" class=\"more-link\"><span class=\"screen-reader-text\">Kulturkommission Safenwil<\/span> weiterlesen<\/a><\/p>\n","protected":false},"author":2,"featured_media":0,"parent":0,"menu_order":1,"comment_status":"closed","ping_status":"closed","template":"","meta":{"footnotes":""},"class_list":["post-15","page","type-page","status-publish","hentry"],"_links":{"self":[{"href":"https:\/\/kulturchreis-sodhubel.ch\/index.php?rest_route=\/wp\/v2\/pages\/15","targetHints":{"allow":["GET"]}}],"collection":[{"href":"https:\/\/kulturchreis-sodhubel.ch\/index.php?rest_route=\/wp\/v2\/pages"}],"about":[{"href":"https:\/\/kulturchreis-sodhubel.ch\/index.php?rest_route=\/wp\/v2\/types\/page"}],"author":[{"embeddable":true,"href":"https:\/\/kulturchreis-sodhubel.ch\/index.php?rest_route=\/wp\/v2\/users\/2"}],"replies":[{"embeddable":true,"href":"https:\/\/kulturchreis-sodhubel.ch\/index.php?rest_route=%2Fwp%2Fv2%2Fcomments&post=15"}],"version-history":[{"count":2,"href":"https:\/\/kulturchreis-sodhubel.ch\/index.php?rest_route=\/wp\/v2\/pages\/15\/revisions"}],"predecessor-version":[{"id":17,"href":"https:\/\/kulturchreis-sodhubel.ch\/index.php?rest_route=\/wp\/v2\/pages\/15\/revisions\/17"}],"wp:attachment":[{"href":"https:\/\/kulturchreis-sodhubel.ch\/index.php?rest_route=%2Fwp%2Fv2%2Fmedia&parent=15"}],"curies":[{"name":"wp","href":"https:\/\/api.w.org\/{rel}","templated":true}]}}